{"id":2662,"date":"2022-10-21T21:49:39","date_gmt":"2022-10-21T19:49:39","guid":{"rendered":"https:\/\/www.tienda.aulasabiertas.com\/?post_type=product&#038;p=2662"},"modified":"2022-12-01T10:52:38","modified_gmt":"2022-12-01T09:52:38","slug":"refuerzo-de-mates-eso","status":"publish","type":"product","link":"https:\/\/www.tienda.aulasabiertas.com\/index.php\/producto\/refuerzo-de-mates-eso\/","title":{"rendered":"REFUERZO DE MATES ONLINE PARA LA ESO"},"content":{"rendered":"<p>Aprovecha la ocasi\u00f3n durante los meses de octubre y noviembre para ir tranquilo a los ex\u00e1menes de la 1\u00aa Evaluaci\u00f3n.<\/p>\n<h2>PASOS A SEGUIR:<\/h2>\n<ul>\n<li><strong>Llama<\/strong> al 625011325 para pedir cita<\/li>\n<li>Una vez tengas la cita, <strong>haz la compra<\/strong> de la clase (m\u00e1ximo 2 horas). M\u00e1s tiempo no es efectivo, es preferible distanciar las sesiones.<\/li>\n<li><strong>Prepara el material<\/strong> que vas a necesitar (teor\u00eda que no comprendes, ejercicios que no sabes hacer,&#8230;)<\/li>\n<li><strong>Env\u00eda<\/strong> ese material por Whatsapp, al menos, un d\u00eda antes de la cita<\/li>\n<li>Nos reuniremos por<strong> videoconferencia<\/strong><\/li>\n<\/ul>\n","protected":false},"excerpt":{"rendered":"<p>Aprovecha la ocasi\u00f3n durante los meses de octubre y noviembre para ir tranquilo a los ex\u00e1menes de la 1\u00aa Evaluaci\u00f3n. PASOS A SEGUIR: Llama al 625011325 para pedir cita Una vez tengas la cita, haz la compra de la clase (m\u00e1ximo 2 horas). M\u00e1s tiempo no es efectivo, es preferible distanciar las sesiones. Prepara el &hellip;<\/p>\n<p class=\"read-more\"> <a class=\"\" href=\"https:\/\/www.tienda.aulasabiertas.com\/index.php\/producto\/refuerzo-de-mates-eso\/\"> <span class=\"screen-reader-text\">REFUERZO DE MATES ONLINE PARA LA ESO<\/span> Leer m\u00e1s &raquo;<\/a><\/p>\n","protected":false},"featured_media":2661,"comment_status":"open","ping_status":"closed","template":"","meta":{"site-sidebar-layout":"default","site-content-layout":"default","ast-global-header-display":"","ast-main-header-display":"","ast-hfb-above-header-display":"","ast-hfb-below-header-display":"","ast-hfb-mobile-header-display":"","site-post-title":"","ast-breadcrumbs-content":"","ast-featured-img":"","footer-sml-layout":"","theme-transparent-header-meta":"default","adv-header-id-meta":"","stick-header-meta":"","header-above-stick-meta":"","header-main-stick-meta":"","header-below-stick-meta":""},"product_cat":[72,73],"product_tag":[74,78,77,76,80,79,75],"class_list":["post-2662","product","type-product","status-publish","has-post-thumbnail","hentry","product_cat-mercado-de-servicios","product_cat-clases-de-refuerzo","product_tag-clases","product_tag-eso","product_tag-matematicas","product_tag-mates","product_tag-oferta","product_tag-online","product_tag-refuerzo","desktop-align-left","tablet-align-left","mobile-align-left"],"yoast_head":"<!-- This site is optimized with the Yoast SEO plugin v19.9 - https:\/\/yoast.com\/wordpress\/plugins\/seo\/ -->\n<title>REFUERZO DE MATES ONLINE PARA LA ESO - MARKETPLACE DE AULAS ABIERTAS<\/title>\n<meta name=\"description\" content=\"Oferta durante octubre y noviembre. Prepara la primera evaluaci\u00f3n de matem\u00e1ticas con nuestras clases de refuerzo online. Solo para la ESO.\" \/>\n<meta name=\"robots\" content=\"index, follow, max-snippet:-1, max-image-preview:large, max-video-preview:-1\" \/>\n<link rel=\"canonical\" href=\"https:\/\/www.tienda.aulasabiertas.com\/index.php\/producto\/refuerzo-de-mates-eso\/\" \/>\n<meta property=\"og:locale\" content=\"es_ES\" \/>\n<meta property=\"og:type\" content=\"article\" \/>\n<meta property=\"og:title\" content=\"REFUERZO DE MATES ONLINE PARA LA ESO - MARKETPLACE DE AULAS ABIERTAS\" \/>\n<meta property=\"og:description\" content=\"Oferta durante octubre y noviembre. Prepara la primera evaluaci\u00f3n de matem\u00e1ticas con nuestras clases de refuerzo online. Solo para la ESO.\" \/>\n<meta property=\"og:url\" content=\"https:\/\/www.tienda.aulasabiertas.com\/index.php\/producto\/refuerzo-de-mates-eso\/\" \/>\n<meta property=\"og:site_name\" content=\"MARKETPLACE DE AULAS ABIERTAS\" \/>\n<meta property=\"article:modified_time\" content=\"2022-12-01T09:52:38+00:00\" \/>\n<meta property=\"og:image\" content=\"https:\/\/www.tienda.aulasabiertas.com\/wp-content\/uploads\/2022\/10\/clases-on-line-e1666382348822.png\" \/>\n\t<meta property=\"og:image:width\" content=\"500\" \/>\n\t<meta property=\"og:image:height\" content=\"355\" \/>\n\t<meta property=\"og:image:type\" content=\"image\/png\" \/>\n<meta name=\"twitter:card\" content=\"summary_large_image\" \/>\n<meta name=\"twitter:label1\" content=\"Tiempo de lectura\" \/>\n\t<meta name=\"twitter:data1\" content=\"1 minuto\" \/>\n<script type=\"application\/ld+json\" class=\"yoast-schema-graph\">{\"@context\":\"https:\/\/schema.org\",\"@graph\":[{\"@type\":\"WebPage\",\"@id\":\"https:\/\/www.tienda.aulasabiertas.com\/index.php\/producto\/refuerzo-de-mates-eso\/\",\"url\":\"https:\/\/www.tienda.aulasabiertas.com\/index.php\/producto\/refuerzo-de-mates-eso\/\",\"name\":\"REFUERZO DE MATES ONLINE PARA LA ESO - MARKETPLACE DE AULAS ABIERTAS\",\"isPartOf\":{\"@id\":\"https:\/\/www.tienda.aulasabiertas.com\/#website\"},\"datePublished\":\"2022-10-21T19:49:39+00:00\",\"dateModified\":\"2022-12-01T09:52:38+00:00\",\"description\":\"Oferta durante octubre y noviembre. Prepara la primera evaluaci\u00f3n de matem\u00e1ticas con nuestras clases de refuerzo online. Solo para la ESO.\",\"breadcrumb\":{\"@id\":\"https:\/\/www.tienda.aulasabiertas.com\/index.php\/producto\/refuerzo-de-mates-eso\/#breadcrumb\"},\"inLanguage\":\"es\",\"potentialAction\":[{\"@type\":\"ReadAction\",\"target\":[\"https:\/\/www.tienda.aulasabiertas.com\/index.php\/producto\/refuerzo-de-mates-eso\/\"]}]},{\"@type\":\"BreadcrumbList\",\"@id\":\"https:\/\/www.tienda.aulasabiertas.com\/index.php\/producto\/refuerzo-de-mates-eso\/#breadcrumb\",\"itemListElement\":[{\"@type\":\"ListItem\",\"position\":1,\"name\":\"Portada\",\"item\":\"https:\/\/www.tienda.aulasabiertas.com\/\"},{\"@type\":\"ListItem\",\"position\":2,\"name\":\"Tienda\",\"item\":\"https:\/\/www.tienda.aulasabiertas.com\/index.php\/shop\/\"},{\"@type\":\"ListItem\",\"position\":3,\"name\":\"REFUERZO DE MATES ONLINE PARA LA ESO\"}]},{\"@type\":\"WebSite\",\"@id\":\"https:\/\/www.tienda.aulasabiertas.com\/#website\",\"url\":\"https:\/\/www.tienda.aulasabiertas.com\/\",\"name\":\"MARKETPLACE DE AULAS ABIERTAS\",\"description\":\"Vuestro \/ Nuestro mercado\",\"publisher\":{\"@id\":\"https:\/\/www.tienda.aulasabiertas.com\/#organization\"},\"potentialAction\":[{\"@type\":\"SearchAction\",\"target\":{\"@type\":\"EntryPoint\",\"urlTemplate\":\"https:\/\/www.tienda.aulasabiertas.com\/?s={search_term_string}\"},\"query-input\":\"required name=search_term_string\"}],\"inLanguage\":\"es\"},{\"@type\":\"Organization\",\"@id\":\"https:\/\/www.tienda.aulasabiertas.com\/#organization\",\"name\":\"MARKETPLACE DE AULAS ABIERTAS\",\"url\":\"https:\/\/www.tienda.aulasabiertas.com\/\",\"logo\":{\"@type\":\"ImageObject\",\"inLanguage\":\"es\",\"@id\":\"https:\/\/www.tienda.aulasabiertas.com\/#\/schema\/logo\/image\/\",\"url\":\"https:\/\/www.tienda.aulasabiertas.com\/wp-content\/uploads\/2022\/10\/cropped-01-LOGO-AULAS-ABIERTAS-CON-NOMBRE-Y-SOL-png-107x30-1.png\",\"contentUrl\":\"https:\/\/www.tienda.aulasabiertas.com\/wp-content\/uploads\/2022\/10\/cropped-01-LOGO-AULAS-ABIERTAS-CON-NOMBRE-Y-SOL-png-107x30-1.png\",\"width\":107,\"height\":30,\"caption\":\"MARKETPLACE DE AULAS ABIERTAS\"},\"image\":{\"@id\":\"https:\/\/www.tienda.aulasabiertas.com\/#\/schema\/logo\/image\/\"}}]}<\/script>\n<!-- \/ Yoast SEO plugin. -->","yoast_head_json":{"title":"REFUERZO DE MATES ONLINE PARA LA ESO - MARKETPLACE DE AULAS ABIERTAS","description":"Oferta durante octubre y noviembre. Prepara la primera evaluaci\u00f3n de matem\u00e1ticas con nuestras clases de refuerzo online. Solo para la ESO.","robots":{"index":"index","follow":"follow","max-snippet":"max-snippet:-1","max-image-preview":"max-image-preview:large","max-video-preview":"max-video-preview:-1"},"canonical":"https:\/\/www.tienda.aulasabiertas.com\/index.php\/producto\/refuerzo-de-mates-eso\/","og_locale":"es_ES","og_type":"article","og_title":"REFUERZO DE MATES ONLINE PARA LA ESO - MARKETPLACE DE AULAS ABIERTAS","og_description":"Oferta durante octubre y noviembre. Prepara la primera evaluaci\u00f3n de matem\u00e1ticas con nuestras clases de refuerzo online. Solo para la ESO.","og_url":"https:\/\/www.tienda.aulasabiertas.com\/index.php\/producto\/refuerzo-de-mates-eso\/","og_site_name":"MARKETPLACE DE AULAS ABIERTAS","article_modified_time":"2022-12-01T09:52:38+00:00","og_image":[{"width":500,"height":355,"url":"https:\/\/www.tienda.aulasabiertas.com\/wp-content\/uploads\/2022\/10\/clases-on-line-e1666382348822.png","type":"image\/png"}],"twitter_card":"summary_large_image","twitter_misc":{"Tiempo de lectura":"1 minuto"},"schema":{"@context":"https:\/\/schema.org","@graph":[{"@type":"WebPage","@id":"https:\/\/www.tienda.aulasabiertas.com\/index.php\/producto\/refuerzo-de-mates-eso\/","url":"https:\/\/www.tienda.aulasabiertas.com\/index.php\/producto\/refuerzo-de-mates-eso\/","name":"REFUERZO DE MATES ONLINE PARA LA ESO - MARKETPLACE DE AULAS ABIERTAS","isPartOf":{"@id":"https:\/\/www.tienda.aulasabiertas.com\/#website"},"datePublished":"2022-10-21T19:49:39+00:00","dateModified":"2022-12-01T09:52:38+00:00","description":"Oferta durante octubre y noviembre. Prepara la primera evaluaci\u00f3n de matem\u00e1ticas con nuestras clases de refuerzo online. Solo para la ESO.","breadcrumb":{"@id":"https:\/\/www.tienda.aulasabiertas.com\/index.php\/producto\/refuerzo-de-mates-eso\/#breadcrumb"},"inLanguage":"es","potentialAction":[{"@type":"ReadAction","target":["https:\/\/www.tienda.aulasabiertas.com\/index.php\/producto\/refuerzo-de-mates-eso\/"]}]},{"@type":"BreadcrumbList","@id":"https:\/\/www.tienda.aulasabiertas.com\/index.php\/producto\/refuerzo-de-mates-eso\/#breadcrumb","itemListElement":[{"@type":"ListItem","position":1,"name":"Portada","item":"https:\/\/www.tienda.aulasabiertas.com\/"},{"@type":"ListItem","position":2,"name":"Tienda","item":"https:\/\/www.tienda.aulasabiertas.com\/index.php\/shop\/"},{"@type":"ListItem","position":3,"name":"REFUERZO DE MATES ONLINE PARA LA ESO"}]},{"@type":"WebSite","@id":"https:\/\/www.tienda.aulasabiertas.com\/#website","url":"https:\/\/www.tienda.aulasabiertas.com\/","name":"MARKETPLACE DE AULAS ABIERTAS","description":"Vuestro \/ Nuestro mercado","publisher":{"@id":"https:\/\/www.tienda.aulasabiertas.com\/#organization"},"potentialAction":[{"@type":"SearchAction","target":{"@type":"EntryPoint","urlTemplate":"https:\/\/www.tienda.aulasabiertas.com\/?s={search_term_string}"},"query-input":"required name=search_term_string"}],"inLanguage":"es"},{"@type":"Organization","@id":"https:\/\/www.tienda.aulasabiertas.com\/#organization","name":"MARKETPLACE DE AULAS ABIERTAS","url":"https:\/\/www.tienda.aulasabiertas.com\/","logo":{"@type":"ImageObject","inLanguage":"es","@id":"https:\/\/www.tienda.aulasabiertas.com\/#\/schema\/logo\/image\/","url":"https:\/\/www.tienda.aulasabiertas.com\/wp-content\/uploads\/2022\/10\/cropped-01-LOGO-AULAS-ABIERTAS-CON-NOMBRE-Y-SOL-png-107x30-1.png","contentUrl":"https:\/\/www.tienda.aulasabiertas.com\/wp-content\/uploads\/2022\/10\/cropped-01-LOGO-AULAS-ABIERTAS-CON-NOMBRE-Y-SOL-png-107x30-1.png","width":107,"height":30,"caption":"MARKETPLACE DE AULAS ABIERTAS"},"image":{"@id":"https:\/\/www.tienda.aulasabiertas.com\/#\/schema\/logo\/image\/"}}]}},"_links":{"self":[{"href":"https:\/\/www.tienda.aulasabiertas.com\/index.php\/wp-json\/wp\/v2\/product\/2662","targetHints":{"allow":["GET"]}}],"collection":[{"href":"https:\/\/www.tienda.aulasabiertas.com\/index.php\/wp-json\/wp\/v2\/product"}],"about":[{"href":"https:\/\/www.tienda.aulasabiertas.com\/index.php\/wp-json\/wp\/v2\/types\/product"}],"replies":[{"embeddable":true,"href":"https:\/\/www.tienda.aulasabiertas.com\/index.php\/wp-json\/wp\/v2\/comments?post=2662"}],"wp:featuredmedia":[{"embeddable":true,"href":"https:\/\/www.tienda.aulasabiertas.com\/index.php\/wp-json\/wp\/v2\/media\/2661"}],"wp:attachment":[{"href":"https:\/\/www.tienda.aulasabiertas.com\/index.php\/wp-json\/wp\/v2\/media?parent=2662"}],"wp:term":[{"taxonomy":"product_cat","embeddable":true,"href":"https:\/\/www.tienda.aulasabiertas.com\/index.php\/wp-json\/wp\/v2\/product_cat?post=2662"},{"taxonomy":"product_tag","embeddable":true,"href":"https:\/\/www.tienda.aulasabiertas.com\/index.php\/wp-json\/wp\/v2\/product_tag?post=2662"}],"curies":[{"name":"wp","href":"https:\/\/api.w.org\/{rel}","templated":true}]}}